{"id":329,"date":"2024-02-06T18:38:50","date_gmt":"2024-02-06T17:38:50","guid":{"rendered":"https:\/\/joyeuxplomberie.fr\/?page_id=329"},"modified":"2024-02-06T18:38:50","modified_gmt":"2024-02-06T17:38:50","slug":"politique-de-confidentialite","status":"publish","type":"page","link":"https:\/\/joyeuxplomberie.fr\/?page_id=329","title":{"rendered":"Politique de confidentialit\u00e9"},"content":{"rendered":"\n<p class=\"has-large-font-size\"><strong><mark style=\"background-color:rgba(0, 0, 0, 0)\" class=\"has-inline-color has-theme-palette-2-color\">Politique de confidentialit\u00e9 de SARL JOYEUX PLOMBERIE<\/mark><\/strong><\/p>\n\n\n\n<p>La pr\u00e9sente Politique de confidentialit\u00e9 a pour but d&rsquo;expliquer comment SARL JOYEUX PLOMBERIE collecte, utilise, prot\u00e8ge et divulgue vos informations personnelles lorsque vous utilisez notre site internet.<\/p>\n\n\n\n<p class=\"has-large-font-size\"><strong><mark style=\"background-color:rgba(0, 0, 0, 0)\" class=\"has-inline-color has-theme-palette-2-color\">Collecte d&rsquo;informations personnelles :<\/mark><\/strong><\/p>\n\n\n\n<p>Nous pouvons collecter les types d&rsquo;informations personnelles suivants lorsque vous utilisez notre site internet :<\/p>\n\n\n\n<ul>\n<li>Nom et pr\u00e9nom<\/li>\n\n\n\n<li>Adresse postale<\/li>\n\n\n\n<li>Adresse e-mail<\/li>\n\n\n\n<li>Num\u00e9ro de t\u00e9l\u00e9phone<\/li>\n\n\n\n<li>Informations sur les projets de plomberie (le cas \u00e9ch\u00e9ant)<\/li>\n<\/ul>\n\n\n\n<p class=\"has-large-font-size\"><strong><mark style=\"background-color:rgba(0, 0, 0, 0)\" class=\"has-inline-color has-theme-palette-2-color\">Utilisation des informations collect\u00e9es :<\/mark><\/strong><\/p>\n\n\n\n<p>Nous utilisons les informations personnelles collect\u00e9es pour les finalit\u00e9s suivantes :<\/p>\n\n\n\n<ul>\n<li>R\u00e9pondre \u00e0 vos demandes de renseignements ou de devis<\/li>\n\n\n\n<li>Fournir des services de plomberie<\/li>\n\n\n\n<li>Communiquer avec vous concernant vos projets<\/li>\n\n\n\n<li>Am\u00e9liorer notre site internet et nos services<\/li>\n<\/ul>\n\n\n\n<p class=\"has-large-font-size\"><strong><mark style=\"background-color:rgba(0, 0, 0, 0)\" class=\"has-inline-color has-theme-palette-2-color\">Protection des informations personnelles :<\/mark><\/strong><\/p>\n\n\n\n<p>Nous mettons en \u0153uvre des mesures de s\u00e9curit\u00e9 appropri\u00e9es pour prot\u00e9ger vos informations personnelles contre tout acc\u00e8s non autoris\u00e9, modification, divulgation ou destruction.<\/p>\n\n\n\n<p class=\"has-large-font-size\"><strong><mark style=\"background-color:rgba(0, 0, 0, 0)\" class=\"has-inline-color has-theme-palette-2-color\">Partage des informations personnelles :<\/mark><\/strong><\/p>\n\n\n\n<p>Nous ne partageons vos informations personnelles avec des tiers que dans les cas suivants :<\/p>\n\n\n\n<ul>\n<li>Lorsque cela est n\u00e9cessaire pour fournir nos services de plomberie<\/li>\n\n\n\n<li>Conform\u00e9ment \u00e0 la l\u00e9gislation en vigueur<\/li>\n<\/ul>\n\n\n\n<p class=\"has-large-font-size\"><strong><mark style=\"background-color:rgba(0, 0, 0, 0)\" class=\"has-inline-color has-theme-palette-2-color\">Cookies :<\/mark><\/strong><\/p>\n\n\n\n<p>Notre site internet peut utiliser des cookies pour am\u00e9liorer votre exp\u00e9rience en ligne. Vous pouvez configurer votre navigateur pour refuser les cookies, mais cela peut affecter certaines fonctionnalit\u00e9s du site.<\/p>\n\n\n\n<p class=\"has-large-font-size\"><strong><mark style=\"background-color:rgba(0, 0, 0, 0)\" class=\"has-inline-color has-theme-palette-2-color\">Droit d&rsquo;acc\u00e8s, de rectification et d&rsquo;opposition :<\/mark><\/strong><\/p>\n\n\n\n<p>Vous avez le droit d&rsquo;acc\u00e9der, de rectifier ou de vous opposer au traitement de vos informations personnelles. Pour exercer ces droits, veuillez nous contacter \u00e0 l&rsquo;adresse indiqu\u00e9e dans la section \u00ab\u00a0Contact\u00a0\u00bb.<\/p>\n\n\n\n<p class=\"has-large-font-size\"><strong><mark style=\"background-color:rgba(0, 0, 0, 0)\" class=\"has-inline-color has-theme-palette-2-color\">Modifications de la politique de confidentialit\u00e9 :<\/mark><\/strong><\/p>\n\n\n\n<p>Nous nous r\u00e9servons le droit de mettre \u00e0 jour cette Politique de confidentialit\u00e9 \u00e0 tout moment. Les modifications seront publi\u00e9es sur cette page.<\/p>\n\n\n\n<p class=\"has-large-font-size\"><strong><mark style=\"background-color:rgba(0, 0, 0, 0)\" class=\"has-inline-color has-theme-palette-2-color\">Contact :<\/mark><\/strong><\/p>\n\n\n\n<p>Pour toute question concernant notre Politique de confidentialit\u00e9, veuillez nous contacter \u00e0 l&rsquo;adresse suivante : contact@joyeuxplomberie.fr<\/p>\n","protected":false},"excerpt":{"rendered":"<p>Politique de confidentialit\u00e9 de SARL JOYEUX PLOMBERIE La pr\u00e9sente Politique de confidentialit\u00e9 a pour but d&rsquo;expliquer comment SARL JOYEUX PLOMBERIE collecte, utilise, prot\u00e8ge et divulgue vos informations personnelles lorsque vous utilisez notre site internet. Collecte d&rsquo;informations personnelles : Nous pouvons collecter les types d&rsquo;informations personnelles suivants lorsque vous utilisez notre site internet : Utilisation des&#8230;<\/p>\n","protected":false},"author":1,"featured_media":0,"parent":0,"menu_order":0,"comment_status":"closed","ping_status":"closed","template":"","meta":{"_kadence_starter_templates_imported_post":false,"_kad_post_transparent":"","_kad_post_title":"","_kad_post_layout":"","_kad_post_sidebar_id":"","_kad_post_content_style":"","_kad_post_vertical_padding":"","_kad_post_feature":"","_kad_post_feature_position":"","_kad_post_header":false,"_kad_post_footer":false,"footnotes":""},"aioseo_notices":[],"_links":{"self":[{"href":"https:\/\/joyeuxplomberie.fr\/index.php?rest_route=\/wp\/v2\/pages\/329"}],"collection":[{"href":"https:\/\/joyeuxplomberie.fr\/index.php?rest_route=\/wp\/v2\/pages"}],"about":[{"href":"https:\/\/joyeuxplomberie.fr\/index.php?rest_route=\/wp\/v2\/types\/page"}],"author":[{"embeddable":true,"href":"https:\/\/joyeuxplomberie.fr\/index.php?rest_route=\/wp\/v2\/users\/1"}],"replies":[{"embeddable":true,"href":"https:\/\/joyeuxplomberie.fr\/index.php?rest_route=%2Fwp%2Fv2%2Fcomments&post=329"}],"version-history":[{"count":1,"href":"https:\/\/joyeuxplomberie.fr\/index.php?rest_route=\/wp\/v2\/pages\/329\/revisions"}],"predecessor-version":[{"id":330,"href":"https:\/\/joyeuxplomberie.fr\/index.php?rest_route=\/wp\/v2\/pages\/329\/revisions\/330"}],"wp:attachment":[{"href":"https:\/\/joyeuxplomberie.fr\/index.php?rest_route=%2Fwp%2Fv2%2Fmedia&parent=329"}],"curies":[{"name":"wp","href":"https:\/\/api.w.org\/{rel}","templated":true}]}}