{"id":322,"date":"2024-02-06T17:31:48","date_gmt":"2024-02-06T16:31:48","guid":{"rendered":"https:\/\/joyeuxplomberie.fr\/?page_id=322"},"modified":"2024-02-06T17:31:48","modified_gmt":"2024-02-06T16:31:48","slug":"mentions-legales","status":"publish","type":"page","link":"https:\/\/joyeuxplomberie.fr\/?page_id=322","title":{"rendered":"Mentions l\u00e9gales"},"content":{"rendered":"<style>.wp-block-kadence-advancedheading.kt-adv-heading322_449330-88, .wp-block-kadence-advancedheading.kt-adv-heading322_449330-88[data-kb-block=\"kb-adv-heading322_449330-88\"]{padding-top:0px;margin-top:var(--global-kb-spacing-sm, 1.5rem);text-align:center;font-size:var(--global-kb-font-size-md, 1.25rem);line-height:1.2;font-style:normal;}.wp-block-kadence-advancedheading.kt-adv-heading322_449330-88 mark, .wp-block-kadence-advancedheading.kt-adv-heading322_449330-88[data-kb-block=\"kb-adv-heading322_449330-88\"] mark{font-style:normal;color:#f76a0c;padding-top:0px;padding-right:0px;padding-bottom:0px;padding-left:0px;}<\/style>\n<h2 class=\"kt-adv-heading322_449330-88 wp-block-kadence-advancedheading has-theme-palette-3-color has-text-color has-theme-palette-6-background-color has-background\" data-kb-block=\"kb-adv-heading322_449330-88\">Mentions l\u00e9gales<\/h2>\n\n\n<style>.kadence-column322_b3032b-32 > .kt-inside-inner-col,.kadence-column322_b3032b-32 > .kt-inside-inner-col:before{border-top-left-radius:0px;border-top-right-radius:0px;border-bottom-right-radius:0px;border-bottom-left-radius:0px;}.kadence-column322_b3032b-32 > .kt-inside-inner-col{column-gap:var(--global-kb-gap-sm, 1rem);}.kadence-column322_b3032b-32 > .kt-inside-inner-col{flex-direction:column;}.kadence-column322_b3032b-32 > .kt-inside-inner-col > .aligncenter{width:100%;}.kadence-column322_b3032b-32 > .kt-inside-inner-col:before{opacity:0.3;}.kadence-column322_b3032b-32{position:relative;}@media all and (max-width: 1024px){.kadence-column322_b3032b-32 > .kt-inside-inner-col{flex-direction:column;}}@media all and (max-width: 767px){.kadence-column322_b3032b-32 > .kt-inside-inner-col{flex-direction:column;}}<\/style>\n<div class=\"wp-block-kadence-column kadence-column322_b3032b-32\"><div class=\"kt-inside-inner-col\">\n<p class=\"has-large-font-size\"><strong><mark style=\"background-color:rgba(0, 0, 0, 0)\" class=\"has-inline-color has-theme-palette-2-color\">1.\u00c9diteur du site :<\/mark><\/strong><\/p>\n\n\n\n<p>D\u00e9nomination sociale : SARL JOYEUX PLOMBERIE<br>15 La Berderie 44680 ST MARS DE COUTAIS<br>02.28.02.06.84<br>contact@joyeuxplomberie.fr<br>Num\u00e9ro SIRET : 982 885 824 00010<br>RCS Nantes : 982 885 824<\/p>\n\n\n\n<p>Directeur de la publication : Mme Joyeux Marie-Claire<\/p>\n\n\n\n<p class=\"has-large-font-size\"><strong><mark style=\"background-color:rgba(0, 0, 0, 0)\" class=\"has-inline-color has-theme-palette-2-color\">2.H\u00e9bergeur du site :<\/mark><\/strong><\/p>\n\n\n\n<p><mark style=\"background-color:rgba(0, 0, 0, 0)\" class=\"has-inline-color has-theme-palette-3-color\">Le site internet www.joyeuxplomberie.fr est h\u00e9berg\u00e9 par HOSTINGER, dont le si\u00e8ge social est situ\u00e9\u00a0<strong>HOSTINGER INTERNATIONAL LTD, 61 Lordou Vironos Street, 6023 Larnaca, Chypre<\/strong>, joignable par le moyen suivant :https:\/\/www.hostinger.fr\/contact.<\/mark><\/p>\n\n\n\n<p class=\"has-large-font-size\"><mark style=\"background-color:rgba(0, 0, 0, 0)\" class=\"has-inline-color has-theme-palette-2-color\"><strong>3.Propri\u00e9t\u00e9 intellectuelle :<\/strong><\/mark><\/p>\n\n\n\n<p>Le contenu de ce site internet, y compris les textes, images, vid\u00e9os, et tout autre \u00e9l\u00e9ment multim\u00e9dia, est la propri\u00e9t\u00e9 de SARL JOYEUX PLOMBERIE ou de ses fournisseurs de contenu, et est prot\u00e9g\u00e9 par les lois sur la propri\u00e9t\u00e9 intellectuelle. Toute reproduction ou utilisation non autoris\u00e9e de ce contenu est strictement interdite.<\/p>\n\n\n\n<p class=\"has-large-font-size\"><mark style=\"background-color:rgba(0, 0, 0, 0)\" class=\"has-inline-color has-theme-palette-2-color\"><strong>4.Services fournis :<\/strong><\/mark><\/p>\n\n\n\n<p>Le site https:\/\/www.joyeuxplomberie.fr a pour objet de fournir une information concernant l\u2019ensemble des activit\u00e9s de la soci\u00e9t\u00e9 SARL JOYEUX PLOMBERIE. La soci\u00e9t\u00e9 SARL JOYEUX PLOMBERIE s&rsquo;efforce de fournir des informations aussi pr\u00e9cises que possible. Toutefois, il ne pourra \u00eatre tenue responsable des omissions, des inexactitudes et des carences dans la mise \u00e0 jour, qu\u2019elles soient de son fait ou du fait des tiers partenaires qui lui fournissent ces informations.  Tous les informations indiqu\u00e9es sur le site  et sont susceptibles d\u2019\u00e9voluer. <\/p>\n\n\n\n<p class=\"has-large-font-size\"><strong><mark style=\"background-color:rgba(0, 0, 0, 0)\" class=\"has-inline-color has-theme-palette-2-color\">5.Collecte de donn\u00e9es personnelles :<\/mark><\/strong><\/p>\n\n\n\n<p>Nous collectons des donn\u00e9es personnelles dans le respect de la l\u00e9gislation en vigueur. Pour plus d&rsquo;informations sur la collecte, l&rsquo;utilisation et la protection de vos donn\u00e9es personnelles, veuillez consulter notre politique de confidentialit\u00e9.<\/p>\n\n\n\n<p class=\"has-large-font-size\"><strong><mark style=\"background-color:rgba(0, 0, 0, 0)\" class=\"has-inline-color has-theme-palette-2-color\">6.Responsabilit\u00e9 :<\/mark><\/strong><\/p>\n\n\n\n<p>SARL JOYEUX PLOMBERIE d\u00e9cline toute responsabilit\u00e9 en cas de dommages directs ou indirects r\u00e9sultant de l&rsquo;utilisation de ce site internet.<\/p>\n\n\n\n<p class=\"has-large-font-size\"><strong><mark style=\"background-color:rgba(0, 0, 0, 0)\" class=\"has-inline-color has-theme-palette-2-color\">7.Liens externes :<\/mark><\/strong><\/p>\n\n\n\n<p>Ce site peut contenir des liens vers des sites externes. SARL JOYEUX PLOMBERIE n&rsquo;est pas responsable du contenu de ces sites externes.<\/p>\n\n\n\n<p class=\"has-large-font-size\"><strong><mark style=\"background-color:rgba(0, 0, 0, 0)\" class=\"has-inline-color has-theme-palette-2-color\">8.Contact :<\/mark><\/strong><\/p>\n\n\n\n<p>Pour toute question concernant les mentions l\u00e9gales du site SARL JOYEUX PLOMBERIE, veuillez nous contacter \u00e0 l&rsquo;adresse suivante :<br>contact@joyeuxplomberie.fr<\/p>\n<\/div><\/div>\n","protected":false},"excerpt":{"rendered":"<p>Mentions l\u00e9gales 1.\u00c9diteur du site : D\u00e9nomination sociale : SARL JOYEUX PLOMBERIE15 La Berderie 44680 ST MARS DE COUTAIS02.28.02.06.84contact@joyeuxplomberie.frNum\u00e9ro SIRET : 982 885 824 00010RCS Nantes : 982 885 824 Directeur de la publication : Mme Joyeux Marie-Claire 2.H\u00e9bergeur du site : Le site internet www.joyeuxplomberie.fr est h\u00e9berg\u00e9 par HOSTINGER, dont le si\u00e8ge social est&#8230;<\/p>\n","protected":false},"author":1,"featured_media":0,"parent":0,"menu_order":0,"comment_status":"closed","ping_status":"closed","template":"","meta":{"_kadence_starter_templates_imported_post":false,"_kad_post_transparent":"","_kad_post_title":"","_kad_post_layout":"","_kad_post_sidebar_id":"","_kad_post_content_style":"","_kad_post_vertical_padding":"","_kad_post_feature":"","_kad_post_feature_position":"","_kad_post_header":false,"_kad_post_footer":false,"footnotes":""},"aioseo_notices":[],"_links":{"self":[{"href":"https:\/\/joyeuxplomberie.fr\/index.php?rest_route=\/wp\/v2\/pages\/322"}],"collection":[{"href":"https:\/\/joyeuxplomberie.fr\/index.php?rest_route=\/wp\/v2\/pages"}],"about":[{"href":"https:\/\/joyeuxplomberie.fr\/index.php?rest_route=\/wp\/v2\/types\/page"}],"author":[{"embeddable":true,"href":"https:\/\/joyeuxplomberie.fr\/index.php?rest_route=\/wp\/v2\/users\/1"}],"replies":[{"embeddable":true,"href":"https:\/\/joyeuxplomberie.fr\/index.php?rest_route=%2Fwp%2Fv2%2Fcomments&post=322"}],"version-history":[{"count":2,"href":"https:\/\/joyeuxplomberie.fr\/index.php?rest_route=\/wp\/v2\/pages\/322\/revisions"}],"predecessor-version":[{"id":326,"href":"https:\/\/joyeuxplomberie.fr\/index.php?rest_route=\/wp\/v2\/pages\/322\/revisions\/326"}],"wp:attachment":[{"href":"https:\/\/joyeuxplomberie.fr\/index.php?rest_route=%2Fwp%2Fv2%2Fmedia&parent=322"}],"curies":[{"name":"wp","href":"https:\/\/api.w.org\/{rel}","templated":true}]}}