{"id":15,"date":"2023-03-16T16:50:50","date_gmt":"2023-03-16T15:50:50","guid":{"rendered":"https:\/\/joyeuxplomberie.fr\/?page_id=15"},"modified":"2024-01-23T20:54:29","modified_gmt":"2024-01-23T19:54:29","slug":"contact","status":"publish","type":"page","link":"https:\/\/joyeuxplomberie.fr\/?page_id=15","title":{"rendered":"CONTACT"},"content":{"rendered":"<style>.wp-block-kadence-advancedheading.kt-adv-heading15_b5ad41-2b, .wp-block-kadence-advancedheading.kt-adv-heading15_b5ad41-2b[data-kb-block=\"kb-adv-heading15_b5ad41-2b\"]{font-style:normal;}.wp-block-kadence-advancedheading.kt-adv-heading15_b5ad41-2b[data-kb-block=\"kb-adv-heading15_b5ad41-2b\"]{display:flex;gap:0.25em;align-items:center;}.wp-block-kadence-advancedheading.kt-adv-heading15_b5ad41-2b[data-kb-block=\"kb-adv-heading15_b5ad41-2b\"] .kb-adv-heading-icon svg{width:1em;height:1em;}.wp-block-kadence-advancedheading.kt-adv-heading15_b5ad41-2b[data-kb-block=\"kb-adv-heading15_b5ad41-2b\"] .kb-adv-heading-icon{font-size:57px;}.wp-block-kadence-advancedheading.kt-adv-heading15_b5ad41-2b mark, .wp-block-kadence-advancedheading.kt-adv-heading15_b5ad41-2b[data-kb-block=\"kb-adv-heading15_b5ad41-2b\"] mark{font-style:normal;color:#f76a0c;padding-top:0px;padding-right:0px;padding-bottom:0px;padding-left:0px;}<\/style><h2 class=\"kt-adv-heading15_b5ad41-2b wp-block-kadence-advancedheading kt-adv-heading-has-icon has-theme-palette6-color has-text-color has-theme-palette2-background-color has-background\" data-kb-block=\"kb-adv-heading15_b5ad41-2b\"><span class=\"kb-svg-icon-wrap kb-adv-heading-icon kb-svg-icon-fe_arrowRightCircle kb-adv-heading-icon-side-left\"><svg viewBox=\"0 0 24 24\"  fill=\"none\" stroke=\"currentColor\" stroke-width=\"2\" stroke-linecap=\"round\" stroke-linejoin=\"round\" xmlns=\"http:\/\/www.w3.org\/2000\/svg\"  aria-hidden=\"true\"><circle cx=\"12\" cy=\"12\" r=\"10\"\/><polyline points=\"12 16 16 12 12 8\"\/><line x1=\"8\" y1=\"12\" x2=\"16\" y2=\"12\"\/><\/svg><\/span><span class=\"kb-adv-text-inner\"><strong>Afin de mieux vous renseigner, merci de compl\u00e9ter le formulaire ci dessous et nous l&rsquo;envoyer.<\/strong><\/span><\/h2>\n\n\n<p class=\"has-text-align-center has-large-font-size\"><strong><em>Vous pouvez \u00e9galement joindre le secr\u00e9tariat au 02.28.02.06.84.<\/em><\/strong><\/p>\n\n\n<style>.kb-row-layout-id15_e44ab2-fa > .kt-row-column-wrap{align-content:start;}:where(.kb-row-layout-id15_e44ab2-fa > .kt-row-column-wrap) > .wp-block-kadence-column{justify-content:start;}.kb-row-layout-id15_e44ab2-fa > .kt-row-column-wrap{column-gap:80px;row-gap:var(--global-kb-gap-md, 2rem);max-width:var( --global-content-width, 1290px );padding-left:var(--global-content-edge-padding);padding-right:var(--global-content-edge-padding);padding-top:81px;padding-bottom:80px;grid-template-columns:minmax(0, 2fr) minmax(0, 1fr);}.kb-row-layout-id15_e44ab2-fa{background-image:linear-gradient(135deg,var(--global-palette6,#ffe517) 0%,var(--global-palette6,#ffe517) 100%);}.kb-row-layout-id15_e44ab2-fa > .kt-row-layout-overlay{opacity:0.30;}.kb-row-layout-id15_e44ab2-fa .kt-row-layout-bottom-sep{height:100px;}.kb-row-layout-id15_e44ab2-fa .kt-row-layout-bottom-sep svg{width:100%;}.kb-row-layout-id15_e44ab2-fa .kt-row-layout-bottom-sep svg{fill:#ffffff!important;}.kb-row-layout-id15_e44ab2-fa .kt-row-layout-top-sep{height:132px;}.kb-row-layout-id15_e44ab2-fa .kt-row-layout-top-sep svg{fill:#ffffff!important;}@media all and (max-width: 1024px){.kb-row-layout-id15_e44ab2-fa > .kt-row-column-wrap{grid-template-columns:repeat(2, minmax(0, 1fr));}}@media all and (max-width: 1024px){.kb-row-layout-id15_e44ab2-fa .kt-row-layout-bottom-sep{height:px;}}@media all and (max-width: 1024px){.kb-row-layout-id15_e44ab2-fa .kt-row-layout-bottom-sep svg{width:%;}}@media all and (max-width: 767px){.kb-row-layout-id15_e44ab2-fa > .kt-row-column-wrap{grid-template-columns:minmax(0, 1fr);}.kb-row-layout-id15_e44ab2-fa .kt-row-layout-bottom-sep{height:px;}.kb-row-layout-id15_e44ab2-fa .kt-row-layout-bottom-sep svg{width:%;}}<\/style><div class=\"kb-row-layout-wrap kb-row-layout-id15_e44ab2-fa alignnone kt-row-has-bg wp-block-kadence-rowlayout\"><div class=\"kt-row-layout-top-sep kt-row-sep-type-mtns\"><svg viewBox=\"0 0 1000 100\" preserveAspectRatio=\"none\"><path d=\"M1000,50l-182.69,-45.286l-292.031,61.197l-190.875,-41.075l-143.748,28.794l-190.656,-23.63l0,70l1000,0l0,-50Z\" style=\"opacity: 0.4\" \/><path d=\"M1000,57l-152.781,-22.589l-214.383,19.81l-159.318,-21.471l-177.44,25.875l-192.722,5.627l-103.356,-27.275l0,63.023l1000,0l0,-43Z\" \/><\/svg><\/div><div class=\"kt-row-layout-bottom-sep kt-row-sep-type-mtns\"><svg viewBox=\"0 0 1000 100\" preserveAspectRatio=\"none\"><path d=\"M1000,50l-182.69,-45.286l-292.031,61.197l-190.875,-41.075l-143.748,28.794l-190.656,-23.63l0,70l1000,0l0,-50Z\" style=\"opacity: 0.4\" \/><path d=\"M1000,57l-152.781,-22.589l-214.383,19.81l-159.318,-21.471l-177.44,25.875l-192.722,5.627l-103.356,-27.275l0,63.023l1000,0l0,-43Z\" \/><\/svg><\/div><div class=\"kt-row-column-wrap kt-has-2-columns kt-row-layout-left-golden kt-tab-layout-inherit kt-mobile-layout-row kt-row-valign-top kb-theme-content-width\">\n<style>.kadence-column15_9913f5-13 > .kt-inside-inner-col{padding-top:40px;padding-right:40px;padding-bottom:40px;padding-left:40px;}.kadence-column15_9913f5-13 > .kt-inside-inner-col,.kadence-column15_9913f5-13 > .kt-inside-inner-col:before{border-top-left-radius:0px;border-top-right-radius:0px;border-bottom-right-radius:0px;border-bottom-left-radius:0px;}.kadence-column15_9913f5-13 > .kt-inside-inner-col{column-gap:var(--global-kb-gap-sm, 1rem);}.kadence-column15_9913f5-13 > .kt-inside-inner-col{flex-direction:column;}.kadence-column15_9913f5-13 > .kt-inside-inner-col > .aligncenter{width:100%;}.kadence-column15_9913f5-13 > .kt-inside-inner-col{background-color:var(--global-palette6, #718096);}.kadence-column15_9913f5-13 > .kt-inside-inner-col:before{opacity:0.3;}.kadence-column15_9913f5-13{position:relative;}@media all and (max-width: 1024px){.kadence-column15_9913f5-13 > .kt-inside-inner-col{flex-direction:column;}}@media all and (max-width: 767px){.kadence-column15_9913f5-13 > .kt-inside-inner-col{flex-direction:column;}}<\/style>\n<div class=\"wp-block-kadence-column kadence-column15_9913f5-13 kadence-column_ebb7f6-1f\"><div class=\"kt-inside-inner-col\"><style>.kadence-form-15_24a9d5-71 .kb-form .kadence-blocks-form-field{margin-bottom:3px;}.kadence-form-15_24a9d5-71 .kb-form .kadence-blocks-form-field{padding-right:5px;padding-left:5px;}.kadence-form-15_24a9d5-71 .kb-form{margin-right:-5px;margin-left:-5px;}.kadence-form-15_24a9d5-71 .kb-form .kadence-blocks-form-field .kb-text-style-field, .kadence-form-15_24a9d5-71 .kb-form .kadence-blocks-form-field .kb-select-style-field{color:var(--global-palette5, #4A5568);border-radius:10px;font-size:16px;line-height:22px;border-width:4px 4px 4px 4px;background:var(--global-palette9, #ffffff);border-color:rgba(113, 128, 150, 0.1);}.kadence-form-15_24a9d5-71 .kb-form .kadence-blocks-form-field .kb-text-style-field:focus, .kadence-form-15_24a9d5-71 .kb-form .kadence-blocks-form-field .kb-select-style-field:focus{color:var(--global-palette4, #2D3748);border-color:var(--global-palette5, #4A5568);background:var(--global-palette9, #ffffff);}.kadence-form-15_24a9d5-71 .kb-form .kadence-blocks-form-field .kb-forms-submit{color:#ffffff;border-radius:5px;background:var(--global-palette1, #3182CE);}.kadence-form-15_24a9d5-71 .kb-form .kadence-blocks-form-field .kb-forms-submit:hover, .kadence-form-15_24a9d5-71 .kb-form .kadence-blocks-form-field .kb-forms-submit:focus {color:#1a202c;background:var(--global-palette2, #2B6CB0);}<\/style>\n<div class=\"wp-block-kadence-form kadence-form-15_24a9d5-71 kb-form-wrap\"><form class=\"kb-form\" action=\"\" method=\"post\"><div class=\"kadence-blocks-form-field kb-field-desk-width-50 kb-input-size-standard\"><label for=\"kb_field_15_24a9d5-71_0\">Nom :<span class=\"required\">*<\/span><\/label><input name=\"kb_field_0\" id=\"kb_field_15_24a9d5-71_0\" data-label=\"Nom :\" type=\"text\" placeholder=\"\" value=\"\" data-type=\"text\" class=\"kb-field kb-text-style-field kb-text-field kb-field-0\" data-required=\"yes\"\/><\/div><div class=\"kadence-blocks-form-field kb-form-field-1 kb-field-desk-width-50 kb-input-size-standard\"><label for=\"kb_field_15_24a9d5-71_1\">Pr\u00e9nom :<\/label><input name=\"kb_field_1\" id=\"kb_field_15_24a9d5-71_1\" data-label=\"Pr\u00e9nom :\" type=\"text\" placeholder=\"\" value=\"\" data-type=\"text\" class=\"kb-field kb-text-style-field kb-text-field kb-field-1\"\/><\/div><div class=\"kadence-blocks-form-field kb-form-field-2 kb-field-desk-width-50 kb-input-size-standard\"><label for=\"kb_field_15_24a9d5-71_2\">Email :<span class=\"required\">*<\/span><\/label><input name=\"kb_field_2\" id=\"kb_field_15_24a9d5-71_2\" data-label=\"Email :\" type=\"email\" placeholder=\"\" value=\"\" data-type=\"email\" class=\"kb-field kb-text-style-field kb-email-field kb-field-2\" data-required=\"yes\"\/><\/div><div class=\"kadence-blocks-form-field kb-form-field-3 kb-field-desk-width-50 kb-input-size-standard\"><label for=\"kb_field_15_24a9d5-71_3\">T\u00e9l\u00e9phone :<span class=\"required\">*<\/span><\/label><input name=\"kb_field_3\" id=\"kb_field_15_24a9d5-71_3\" data-label=\"T\u00e9l\u00e9phone :\" type=\"text\" placeholder=\"\" value=\"\" data-type=\"text\" class=\"kb-field kb-text-style-field kb-text-field kb-field-3\" data-required=\"yes\"\/><\/div><div class=\"kadence-blocks-form-field kb-form-field-4 kb-field-desk-width-100 kb-input-size-standard\"><label for=\"kb_field_15_24a9d5-71_4\">Adresse :<span class=\"required\">*<\/span><\/label><input name=\"kb_field_4\" id=\"kb_field_15_24a9d5-71_4\" data-label=\"Adresse :\" type=\"text\" placeholder=\"\" value=\"\" data-type=\"text\" class=\"kb-field kb-text-style-field kb-text-field kb-field-4\" data-required=\"yes\"\/><\/div><div class=\"kadence-blocks-form-field kb-form-field-5 kb-field-desk-width-100 kb-input-size-standard\"><label for=\"kb_field_15_24a9d5-71_5\">D\u00e9crivez votre demande le plus pr\u00e9cis\u00e9ment possible :<span class=\"required\">*<\/span><\/label><textarea name=\"kb_field_5\" id=\"kb_field_15_24a9d5-71_5\" data-label=\"D\u00e9crivez votre demande le plus pr\u00e9cis\u00e9ment possible :\" type=\"textarea\" placeholder=\"\" data-type=\"textarea\" class=\"kb-field kb-text-style-field kb-textarea-field kb-field-5\" rows=\"4\" data-required=\"yes\"><\/textarea><\/div><div class=\"kadence-blocks-form-field kb-form-field-6 kb-field-desk-width-50 kb-input-size-standard\"><label for=\"kb_field_15_24a9d5-71_6\">Vous \u00eates ? :<span class=\"required\">*<\/span><\/label><div data-type=\"checkbox\" data-label=\"Vous \u00eates ? :\" id=\"kb_field_15_24a9d5-71_6\" class=\"kb-field kb-checkbox-style-field kb-checkbox-field kb-field-6 kb-radio-style-inline\" data-required=\"yes\"><div data-type=\"checkbox\" class=\"kb-checkbox-item kb-checkbox-item-0\"><input type=\"checkbox\" name=\"kb_field_6[]\" id=\"kb_field_6_0\" class=\"kb-sub-field kb-checkbox-style\" value=\"Un particulier\"\/><label for=\"kb_field_6_0\">Un particulier<\/label><\/div><div data-type=\"checkbox\" class=\"kb-checkbox-item kb-checkbox-item-1\"><input type=\"checkbox\" name=\"kb_field_6[]\" id=\"kb_field_6_1\" class=\"kb-sub-field kb-checkbox-style\" value=\"Un professsionnel\"\/><label for=\"kb_field_6_1\">Un professsionnel<\/label><\/div><\/div><\/div><input type=\"hidden\" name=\"_kb_form_id\" value=\"15_24a9d5-71\"\/><input type=\"hidden\" name=\"_kb_form_post_id\" value=\"15\"\/><input type=\"hidden\" name=\"action\" value=\"kb_process_ajax_submit\"\/><input class=\"kadence-blocks-field verify\" type=\"text\" name=\"_kb_verify_email\" autocomplete=\"new-password\" aria-hidden=\"true\" placeholder=\"Email\" tabindex=\"-1\" data-1p-ignore=\"true\" data-lpignore=\"true\" \/><div class=\"kadence-blocks-form-field kb-submit-field kb-field-desk-width-100\"><button class=\"kb-forms-submit button kb-button-size-standard kb-button-width-auto\">Nous contacter<\/button><\/div><\/form><\/div>\n<noscript><div class=\"kadence-blocks-form-message kadence-blocks-form-warning\">Please enable JavaScript in your browser to submit the form<\/div><style>.kadence-form-15_24a9d5-71 .kadence-blocks-form-field.kb-submit-field { display: none; }<\/style><\/noscript><\/div><\/div>\n\n\n<style>.kadence-column15_6dc721-a0 > .kt-inside-inner-col,.kadence-column15_6dc721-a0 > .kt-inside-inner-col:before{border-top-left-radius:0px;border-top-right-radius:0px;border-bottom-right-radius:0px;border-bottom-left-radius:0px;}.kadence-column15_6dc721-a0 > .kt-inside-inner-col{column-gap:var(--global-kb-gap-sm, 1rem);}.kadence-column15_6dc721-a0 > .kt-inside-inner-col{flex-direction:column;}.kadence-column15_6dc721-a0 > .kt-inside-inner-col > .aligncenter{width:100%;}.kadence-column15_6dc721-a0 > .kt-inside-inner-col:before{opacity:0.3;}.kadence-column15_6dc721-a0{position:relative;}@media all and (max-width: 1024px){.kadence-column15_6dc721-a0 > .kt-inside-inner-col{flex-direction:column;}}@media all and (max-width: 767px){.kadence-column15_6dc721-a0 > .kt-inside-inner-col{flex-direction:column;}}<\/style>\n<div class=\"wp-block-kadence-column kadence-column15_6dc721-a0 inner-column-2\"><div class=\"kt-inside-inner-col\"><style>.wp-block-kadence-advancedheading.kt-adv-heading15_88c800-d6, .wp-block-kadence-advancedheading.kt-adv-heading15_88c800-d6[data-kb-block=\"kb-adv-heading15_88c800-d6\"]{margin-bottom:30px;text-align:center;font-size:38px;line-height:1.3em;font-style:normal;}.wp-block-kadence-advancedheading.kt-adv-heading15_88c800-d6 mark, .wp-block-kadence-advancedheading.kt-adv-heading15_88c800-d6[data-kb-block=\"kb-adv-heading15_88c800-d6\"] mark{letter-spacing:0.84px;font-style:normal;color:#f76a0c;padding-top:0px;padding-right:0px;padding-bottom:0px;padding-left:0px;}@media all and (max-width: 767px){.wp-block-kadence-advancedheading.kt-adv-heading15_88c800-d6, .wp-block-kadence-advancedheading.kt-adv-heading15_88c800-d6[data-kb-block=\"kb-adv-heading15_88c800-d6\"]{font-size:30px;}}<\/style>\n<h2 class=\"kt-adv-heading15_88c800-d6 wp-block-kadence-advancedheading\" data-kb-block=\"kb-adv-heading15_88c800-d6\">Faites une demande de devis gratuit :<\/h2>\n\n\n\n<p class=\"has-text-align-center\"><strong>SARL JOYEUX PLOMBERIE<\/strong><\/p>\n\n\n\n<p class=\"has-text-align-center\"><strong>SAINT MARS DE COUTAIS<\/strong><\/p>\n\n\n\n<p class=\"has-text-align-center\">contact@joyeuxplomberie.fr<\/p>\n\n\n<style>.wp-block-kadence-image.kb-image15_7061df-24{position:relative;z-index:1100;}.kb-image15_7061df-24.kb-image-is-ratio-size, .kb-image15_7061df-24 .kb-image-is-ratio-size{max-width:141px;width:100%;}.wp-block-kadence-column > .kt-inside-inner-col > .kb-image15_7061df-24.kb-image-is-ratio-size, .wp-block-kadence-column > .kt-inside-inner-col > .kb-image15_7061df-24 .kb-image-is-ratio-size{align-self:unset;}.kb-image15_7061df-24 figure{max-width:141px;}.kb-image15_7061df-24 .image-is-svg, .kb-image15_7061df-24 .image-is-svg img{width:100%;}.kb-image15_7061df-24 .kb-image-has-overlay:after{opacity:0.3;}.kb-image15_7061df-24 img.kb-img, .kb-image15_7061df-24 .kb-img img{border-top-color:var(--global-palette6, #718096);border-top-style:solid;border-right-color:var(--global-palette6, #718096);border-right-style:solid;border-bottom-color:var(--global-palette6, #718096);border-bottom-style:solid;border-left-color:var(--global-palette6, #718096);border-left-style:solid;background-color:var(--global-palette6, #718096);}@media all and (max-width: 1024px){.kb-image15_7061df-24 img.kb-img, .kb-image15_7061df-24 .kb-img img{border-top-color:var(--global-palette6, #718096);border-top-style:solid;border-right-color:var(--global-palette6, #718096);border-right-style:solid;border-bottom-color:var(--global-palette6, #718096);border-bottom-style:solid;border-left-color:var(--global-palette6, #718096);border-left-style:solid;}}@media all and (max-width: 767px){.kb-image15_7061df-24 img.kb-img, .kb-image15_7061df-24 .kb-img img{border-top-color:var(--global-palette6, #718096);border-top-style:solid;border-right-color:var(--global-palette6, #718096);border-right-style:solid;border-bottom-color:var(--global-palette6, #718096);border-bottom-style:solid;border-left-color:var(--global-palette6, #718096);border-left-style:solid;}}<\/style>\n<div class=\"wp-block-kadence-image kb-image15_7061df-24 is-style-rounded\"><figure class=\"aligncenter size-full kb-filter-vintage\"><img loading=\"lazy\" decoding=\"async\" width=\"500\" height=\"500\" src=\"https:\/\/joyeuxplomberie.fr\/wp-content\/uploads\/2024\/01\/20221110_155225_0000-1-Copie.png\" alt=\"\" class=\"kb-img wp-image-317\" srcset=\"https:\/\/joyeuxplomberie.fr\/wp-content\/uploads\/2024\/01\/20221110_155225_0000-1-Copie.png 500w, https:\/\/joyeuxplomberie.fr\/wp-content\/uploads\/2024\/01\/20221110_155225_0000-1-Copie-300x300.png 300w, https:\/\/joyeuxplomberie.fr\/wp-content\/uploads\/2024\/01\/20221110_155225_0000-1-Copie-150x150.png 150w\" sizes=\"(max-width: 500px) 100vw, 500px\" \/><\/figure><\/div>\n<\/div><\/div>\n\n<\/div><\/div>","protected":false},"excerpt":{"rendered":"<p>Afin de mieux vous renseigner, merci de compl\u00e9ter le formulaire ci dessous et nous l&rsquo;envoyer. Vous pouvez \u00e9galement joindre le secr\u00e9tariat au 02.28.02.06.84. Faites une demande de devis gratuit : SARL JOYEUX PLOMBERIE SAINT MARS DE COUTAIS contact@joyeuxplomberie.fr<\/p>\n","protected":false},"author":1,"featured_media":0,"parent":0,"menu_order":0,"comment_status":"closed","ping_status":"closed","template":"","meta":{"_kadence_starter_templates_imported_post":false,"_kad_post_transparent":"disable","_kad_post_title":"hide","_kad_post_layout":"fullwidth","_kad_post_sidebar_id":"","_kad_post_content_style":"unboxed","_kad_post_vertical_padding":"hide","_kad_post_feature":"","_kad_post_feature_position":"","_kad_post_header":false,"_kad_post_footer":false,"footnotes":""},"aioseo_notices":[],"_links":{"self":[{"href":"https:\/\/joyeuxplomberie.fr\/index.php?rest_route=\/wp\/v2\/pages\/15"}],"collection":[{"href":"https:\/\/joyeuxplomberie.fr\/index.php?rest_route=\/wp\/v2\/pages"}],"about":[{"href":"https:\/\/joyeuxplomberie.fr\/index.php?rest_route=\/wp\/v2\/types\/page"}],"author":[{"embeddable":true,"href":"https:\/\/joyeuxplomberie.fr\/index.php?rest_route=\/wp\/v2\/users\/1"}],"replies":[{"embeddable":true,"href":"https:\/\/joyeuxplomberie.fr\/index.php?rest_route=%2Fwp%2Fv2%2Fcomments&post=15"}],"version-history":[{"count":15,"href":"https:\/\/joyeuxplomberie.fr\/index.php?rest_route=\/wp\/v2\/pages\/15\/revisions"}],"predecessor-version":[{"id":319,"href":"https:\/\/joyeuxplomberie.fr\/index.php?rest_route=\/wp\/v2\/pages\/15\/revisions\/319"}],"wp:attachment":[{"href":"https:\/\/joyeuxplomberie.fr\/index.php?rest_route=%2Fwp%2Fv2%2Fmedia&parent=15"}],"curies":[{"name":"wp","href":"https:\/\/api.w.org\/{rel}","templated":true}]}}