{"id":11,"date":"2023-03-16T16:50:17","date_gmt":"2023-03-16T15:50:17","guid":{"rendered":"https:\/\/joyeuxplomberie.fr\/?page_id=11"},"modified":"2023-08-31T12:07:34","modified_gmt":"2023-08-31T10:07:34","slug":"a-propos","status":"publish","type":"page","link":"https:\/\/joyeuxplomberie.fr\/?page_id=11","title":{"rendered":"A PROPOS"},"content":{"rendered":"<style>.kb-row-layout-wrap.wp-block-kadence-rowlayout.kb-row-layout-id_7e6230-5b{margin-top:0px;margin-bottom:0px;}.kb-row-layout-id_7e6230-5b > .kt-row-column-wrap{align-content:center;}:where(.kb-row-layout-id_7e6230-5b > .kt-row-column-wrap) > .wp-block-kadence-column{justify-content:center;}.kb-row-layout-id_7e6230-5b > .kt-row-column-wrap{column-gap:var(--global-kb-gap-lg, 4rem);row-gap:var(--global-kb-gap-none, 0rem );max-width:var( --global-content-width, 1290px );padding-left:var(--global-content-edge-padding);padding-right:var(--global-content-edge-padding);padding-top:0px;padding-bottom:0px;grid-template-columns:repeat(2, minmax(0, 1fr));}.kb-row-layout-id_7e6230-5b{--breakout-negative-margin-right:calc( ( ( ( var(--global-vw, 100vw) - ( var( --global-content-width, 1290px ) - ( var(--global-content-edge-padding)*2 ) ) ) \/ 2 ) *-1) + -1px);--breakout-negative-margin-left:calc( ( ( ( var(--global-vw, 100vw) - ( var( --global-content-width, 1290px ) - ( var(--global-content-edge-padding)*2 ) ) ) \/ 2 ) *-1) + -1px);}@media all and (min-width:1290px){.kb-row-layout-id_7e6230-5b > .kt-row-column-wrap > .wp-block-kadence-column:nth-child(2):not(.specificity){margin-right:var(--breakout-negative-margin-right);}}.kb-row-layout-id_7e6230-5b > .kt-row-layout-overlay{opacity:0.30;}@media all and (min-width: 1025px){.kb-row-layout-id_7e6230-5b > .kt-row-column-wrap > .wp-block-kadence-column:nth-child(2){margin-right:calc( var(--global-content-edge-padding) *-1 );}}@media all and (max-width: 1024px){.kb-row-layout-id_7e6230-5b > .kt-row-column-wrap{grid-template-columns:minmax(0, 1fr);}}@media all and (min-width: 768px) and (max-width: 1024px){.kb-row-layout-id_7e6230-5b > .kt-row-column-wrap:not(.kt-tab-layout-row) > .wp-block-kadence-column:nth-child(2){margin-right:calc( var(--global-content-edge-padding) *-1 );}}@media all and (max-width: 767px){.kb-row-layout-id_7e6230-5b > .kt-row-column-wrap{grid-template-columns:minmax(0, 1fr);}}<\/style><div class=\"kb-row-layout-wrap kb-row-layout-id_7e6230-5b alignfull has-theme-palette9-background-color kt-row-has-bg wp-block-kadence-rowlayout\"><div class=\"kt-row-column-wrap kt-has-2-columns kt-row-layout-equal kt-tab-layout-row kt-mobile-layout-row kt-row-valign-middle kt-inner-column-height-full kb-theme-content-width\">\n<style>.kadence-column_9419e2-1f > .kt-inside-inner-col,.kadence-column_9419e2-1f > .kt-inside-inner-col:before{border-top-left-radius:0px;border-top-right-radius:0px;border-bottom-right-radius:0px;border-bottom-left-radius:0px;}.kadence-column_9419e2-1f > .kt-inside-inner-col{column-gap:var(--global-kb-gap-sm, 1rem);}.kadence-column_9419e2-1f > .kt-inside-inner-col{flex-direction:column;}.kadence-column_9419e2-1f > .kt-inside-inner-col > .aligncenter{width:100%;}.kadence-column_9419e2-1f > .kt-inside-inner-col:before{opacity:0.3;}.kadence-column_9419e2-1f{position:relative;}@media all and (max-width: 1024px){.kadence-column_9419e2-1f > .kt-inside-inner-col{display:flex;padding-top:var(--global-kb-spacing-md, 2rem);padding-bottom:var(--global-kb-spacing-lg, 3rem);flex-direction:row;flex-wrap:wrap;}}@media all and (min-width: 768px) and (max-width: 1024px){.kadence-column_9419e2-1f > .kt-inside-inner-col > *, .kadence-column_9419e2-1f > .kt-inside-inner-col > figure.wp-block-image, .kadence-column_9419e2-1f > .kt-inside-inner-col > figure.wp-block-kadence-image{margin-top:0px;margin-bottom:0px;}.kadence-column_9419e2-1f > .kt-inside-inner-col > .kb-image-is-ratio-size{flex-grow:1;}}@media all and (max-width: 767px){.kadence-column_9419e2-1f > .kt-inside-inner-col{flex-direction:row;flex-wrap:wrap;}.kadence-column_9419e2-1f > .kt-inside-inner-col > *, .kadence-column_9419e2-1f > .kt-inside-inner-col > figure.wp-block-image, .kadence-column_9419e2-1f > .kt-inside-inner-col > figure.wp-block-kadence-image{margin-top:0px;margin-bottom:0px;}.kadence-column_9419e2-1f > .kt-inside-inner-col > .kb-image-is-ratio-size{flex-grow:1;}}<\/style>\n<div class=\"wp-block-kadence-column kadence-column_9419e2-1f kb-section-dir-vertical kb-section-md-dir-horizontal\"><div class=\"kt-inside-inner-col\"><style>.wp-block-kadence-advancedheading.kt-adv-heading_442a54-77, .wp-block-kadence-advancedheading.kt-adv-heading_442a54-77[data-kb-block=\"kb-adv-heading_442a54-77\"]{padding-top:0px;margin-top:var(--global-kb-spacing-sm, 1.5rem);text-align:center;font-size:var(--global-kb-font-size-md, 1.25rem);line-height:1.2;font-style:normal;}.wp-block-kadence-advancedheading.kt-adv-heading_442a54-77[data-kb-block=\"kb-adv-heading_442a54-77\"]{display:flex;gap:0.25em;justify-content:center;align-items:center;}.wp-block-kadence-advancedheading.kt-adv-heading_442a54-77[data-kb-block=\"kb-adv-heading_442a54-77\"] .kb-adv-heading-icon svg{width:1em;height:1em;}.wp-block-kadence-advancedheading.kt-adv-heading_442a54-77 mark, .wp-block-kadence-advancedheading.kt-adv-heading_442a54-77[data-kb-block=\"kb-adv-heading_442a54-77\"] mark{font-style:normal;color:#f76a0c;padding-top:0px;padding-right:0px;padding-bottom:0px;padding-left:0px;}<\/style><h2 class=\"kt-adv-heading_442a54-77 wp-block-kadence-advancedheading kt-adv-heading-has-icon has-theme-palette3-color has-text-color has-theme-palette6-background-color has-background\" data-kb-block=\"kb-adv-heading_442a54-77\"><span class=\"kb-svg-icon-wrap kb-adv-heading-icon kb-svg-icon-fe_arrowRight kb-adv-heading-icon-side-left\"><svg viewBox=\"0 0 24 24\"  fill=\"none\" stroke=\"currentColor\" stroke-width=\"2\" stroke-linecap=\"round\" stroke-linejoin=\"round\" xmlns=\"http:\/\/www.w3.org\/2000\/svg\"  aria-hidden=\"true\"><line x1=\"5\" y1=\"12\" x2=\"19\" y2=\"12\"\/><polyline points=\"12 5 19 12 12 19\"\/><\/svg><\/span><span class=\"kb-adv-text-inner\">Joyeux Plomberie :  c&rsquo;est qui ?<\/span><\/h2>\n\n\n<p class=\"has-text-align-center\">Un plombier qui n&rsquo;a pas peur de se salir les mains pour ses clients c&rsquo;est important ! Nous mesurons la qualit\u00e9 d&rsquo;un plombier non seulement \u00e0 sa technique et \u00e0 son application mais aussi au retour de ses clients. On m&rsquo;a souvent demand\u00e9 la qualit\u00e9 principale d&rsquo;un plombier&#8230; J&rsquo;ai souvent r\u00e9pondu \u00ab\u00a0la technique !\u00a0\u00bb ou \u00ab\u00a0\u00eatre m\u00e9ticuleux !\u00a0\u00bb, Aujourd&rsquo;hui apr\u00e8s 17 ans de m\u00e9tier je crois avoir trouv\u00e9 la r\u00e9ponse. Les bons plombiers ont tous une qualit\u00e9 en commun : ils sont <strong>SERVIABLES<\/strong>.<\/p>\n\n\n\n<p class=\"has-text-align-center\">Fort d&rsquo;une exp\u00e9rience de 17 dans le m\u00e9tier, notre&nbsp;<strong>entreprise de plomberie&nbsp;<\/strong>bas\u00e9 sur <strong>St mars de coutais<\/strong>, op\u00e8re dans la r\u00e9gion de&nbsp;<strong>Nantes<\/strong>, sud Loire, Pornic, Nord Vend\u00e9e, Challans (85)\u2026 <\/p>\n\n\n\n<p class=\"has-text-align-center\">Nous sommes qualifi\u00e9s en\u00a0<strong>installation de douche et salle de bain, am\u00e9nagement de sanitaires, salle de bain ou wc, d\u00e9pannage plomberie, plomberie g\u00e9n\u00e9rale, r\u00e9paration de fuite d&rsquo;eau, chauffage,  chaudi\u00e8re gaz, fioul, pompe \u00e0 chaleur, climatisation<\/strong>..<\/p>\n\n\n\n<p class=\"has-text-align-center\">Nous intervenons aussi bien sur des chantiers neufs que sur des r\u00e9novations, mais aussi en d\u00e9pannage ou encore en entretien de vos \u00e9quipements de chauffage et de climatisation.<\/p>\n\n\n\n<p class=\"has-text-align-center\">Dipl\u00f4m\u00e9s et sp\u00e9cialis\u00e9s, Professionnalisme, r\u00e9activit\u00e9 et rigueur sont les ma\u00eetres mots de notre entreprise ! Nous essayons d&rsquo;intervenir rapidement, en rendez-vous ou en d\u00e9pannage.<\/p>\n\n\n\n<p class=\"has-text-align-center\">Vous b\u00e9n\u00e9ficierez aussi des garanties suivantes :<\/p>\n\n\n\n<ul>\n<li>Un rapport qualit\u00e9\/prix optimal pour l\u2019ensemble de nos prestations<\/li>\n\n\n\n<li>Des partenariats avec des professionnels reconnus pour la fourniture des mat\u00e9riaux<\/li>\n\n\n\n<li>La couverture de vos travaux par une assurance d\u00e9cennale<\/li>\n<\/ul>\n\n\n<style>.wp-block-kadence-advancedbtn.kb-btns_033d1d-ed{gap:var(--global-kb-gap-xs, 0.5rem );justify-content:center;align-items:center;}.kt-btns_033d1d-ed .kt-button{font-weight:normal;font-style:normal;}.kt-btns_033d1d-ed .kt-btn-wrap-0{margin-right:5px;}.wp-block-kadence-advancedbtn.kt-btns_033d1d-ed .kt-btn-wrap-0 .kt-button{color:#555555;border-color:#555555;}.wp-block-kadence-advancedbtn.kt-btns_033d1d-ed .kt-btn-wrap-0 .kt-button:hover, .wp-block-kadence-advancedbtn.kt-btns_033d1d-ed .kt-btn-wrap-0 .kt-button:focus{color:#ffffff;border-color:#444444;}.wp-block-kadence-advancedbtn.kt-btns_033d1d-ed .kt-btn-wrap-0 .kt-button::before{display:none;}.wp-block-kadence-advancedbtn.kt-btns_033d1d-ed .kt-btn-wrap-0 .kt-button:hover, .wp-block-kadence-advancedbtn.kt-btns_033d1d-ed .kt-btn-wrap-0 .kt-button:focus{background:#444444;}<\/style>\n<div class=\"wp-block-kadence-advancedbtn kb-buttons-wrap kb-btns_033d1d-ed\"><style>ul.menu .wp-block-kadence-advancedbtn .kb-btn_56bbbc-54.kb-button{width:initial;}@media all and (max-width: 1024px){.kb-btn_56bbbc-54.kb-button .kb-svg-icon-wrap{display:block;}}<\/style><span class=\"kb-button kt-button button kb-btn_56bbbc-54 kt-btn-size-standard kt-btn-width-type-auto kb-btn-global-inherit kt-btn-has-text-true kt-btn-has-svg-true wp-block-button__link wp-block-kadence-singlebtn\"><span class=\"kt-btn-inner-text\">Contactez-nous ! <\/span><span class=\"kb-svg-icon-wrap kb-svg-icon-fe_mail kt-btn-icon-side-right\"><svg viewBox=\"0 0 24 24\"  fill=\"none\" stroke=\"currentColor\" stroke-width=\"2\" stroke-linecap=\"round\" stroke-linejoin=\"round\" xmlns=\"http:\/\/www.w3.org\/2000\/svg\"  aria-hidden=\"true\"><path d=\"M4 4h16c1.1 0 2 .9 2 2v12c0 1.1-.9 2-2 2H4c-1.1 0-2-.9-2-2V6c0-1.1.9-2 2-2z\"\/><polyline points=\"22,6 12,13 2,6\"\/><\/svg><\/span><\/span><\/div>\n<\/div><\/div>\n\n\n<style>.kadence-column_f2da37-14 > .kt-inside-inner-col,.kadence-column_f2da37-14 > .kt-inside-inner-col:before{border-top-left-radius:0px;border-top-right-radius:0px;border-bottom-right-radius:0px;border-bottom-left-radius:0px;}.kadence-column_f2da37-14 > .kt-inside-inner-col{column-gap:var(--global-kb-gap-sm, 1rem);}.kadence-column_f2da37-14 > .kt-inside-inner-col{flex-direction:column;}.kadence-column_f2da37-14 > .kt-inside-inner-col > .aligncenter{width:100%;}.kadence-column_f2da37-14 > .kt-inside-inner-col:before{opacity:0.3;}.kadence-column_f2da37-14{position:relative;}@media all and (max-width: 1024px){.kadence-column_f2da37-14 > .kt-inside-inner-col{flex-direction:column;}}@media all and (max-width: 767px){.kadence-column_f2da37-14 > .kt-inside-inner-col{flex-direction:column;}}<\/style>\n<div class=\"wp-block-kadence-column kadence-column_f2da37-14\"><div class=\"kt-inside-inner-col\"><style>.wp-block-kadence-image.kb-image_6ab34e-ec{position:relative;z-index:1100;}.kb-image_6ab34e-ec.kb-image-is-ratio-size, .kb-image_6ab34e-ec .kb-image-is-ratio-size{max-width:664px;width:100%;}.wp-block-kadence-column > .kt-inside-inner-col > .kb-image_6ab34e-ec.kb-image-is-ratio-size, .wp-block-kadence-column > .kt-inside-inner-col > .kb-image_6ab34e-ec .kb-image-is-ratio-size{align-self:unset;}.kb-image_6ab34e-ec figure{max-width:664px;}.kb-image_6ab34e-ec .image-is-svg, .kb-image_6ab34e-ec .image-is-svg img{width:100%;}.kb-image_6ab34e-ec .kb-image-has-overlay:after{opacity:0.3;}.kb-image_6ab34e-ec img.kb-img, .kb-image_6ab34e-ec .kb-img img{border-top-color:var(--global-palette6, #718096);border-top-style:solid;border-right-color:var(--global-palette6, #718096);border-right-style:solid;border-bottom-color:var(--global-palette6, #718096);border-bottom-style:solid;border-left-color:var(--global-palette6, #718096);border-left-style:solid;background-color:var(--global-palette6, #718096);}@media all and (max-width: 1024px){.kb-image_6ab34e-ec img.kb-img, .kb-image_6ab34e-ec .kb-img img{border-top-color:var(--global-palette6, #718096);border-top-style:solid;border-right-color:var(--global-palette6, #718096);border-right-style:solid;border-bottom-color:var(--global-palette6, #718096);border-bottom-style:solid;border-left-color:var(--global-palette6, #718096);border-left-style:solid;}}@media all and (max-width: 767px){.kb-image_6ab34e-ec img.kb-img, .kb-image_6ab34e-ec .kb-img img{border-top-color:var(--global-palette6, #718096);border-top-style:solid;border-right-color:var(--global-palette6, #718096);border-right-style:solid;border-bottom-color:var(--global-palette6, #718096);border-bottom-style:solid;border-left-color:var(--global-palette6, #718096);border-left-style:solid;}}<\/style>\n<div class=\"wp-block-kadence-image kb-image_6ab34e-ec is-style-rounded\"><figure class=\"aligncenter size-large kb-filter-vintage\"><img loading=\"lazy\" decoding=\"async\" width=\"1024\" height=\"1024\" src=\"http:\/\/joyeuxplomberie.fr\/wp-content\/uploads\/2023\/07\/Photo-site-internet-1024x1024.png\" alt=\"\" class=\"kb-img wp-image-181\" srcset=\"https:\/\/joyeuxplomberie.fr\/wp-content\/uploads\/2023\/07\/Photo-site-internet-1024x1024.png 1024w, https:\/\/joyeuxplomberie.fr\/wp-content\/uploads\/2023\/07\/Photo-site-internet-300x300.png 300w, https:\/\/joyeuxplomberie.fr\/wp-content\/uploads\/2023\/07\/Photo-site-internet-150x150.png 150w, https:\/\/joyeuxplomberie.fr\/wp-content\/uploads\/2023\/07\/Photo-site-internet-768x768.png 768w, https:\/\/joyeuxplomberie.fr\/wp-content\/uploads\/2023\/07\/Photo-site-internet.png 1080w\" sizes=\"(max-width: 1024px) 100vw, 1024px\" \/><\/figure><\/div>\n<\/div><\/div>\n\n<\/div><\/div>","protected":false},"excerpt":{"rendered":"<p>Joyeux Plomberie : c&rsquo;est qui ? Un plombier qui n&rsquo;a pas peur de se salir les mains pour ses clients c&rsquo;est important ! Nous mesurons la qualit\u00e9 d&rsquo;un plombier non seulement \u00e0 sa technique et \u00e0 son application mais aussi au retour de ses clients. On m&rsquo;a souvent demand\u00e9 la qualit\u00e9 principale d&rsquo;un plombier&#8230; J&rsquo;ai&#8230;<\/p>\n","protected":false},"author":1,"featured_media":0,"parent":0,"menu_order":0,"comment_status":"closed","ping_status":"closed","template":"","meta":{"_kadence_starter_templates_imported_post":false,"_kad_post_transparent":"disable","_kad_post_title":"hide","_kad_post_layout":"","_kad_post_sidebar_id":"","_kad_post_content_style":"","_kad_post_vertical_padding":"","_kad_post_feature":"","_kad_post_feature_position":"","_kad_post_header":false,"_kad_post_footer":false,"footnotes":""},"aioseo_notices":[],"_links":{"self":[{"href":"https:\/\/joyeuxplomberie.fr\/index.php?rest_route=\/wp\/v2\/pages\/11"}],"collection":[{"href":"https:\/\/joyeuxplomberie.fr\/index.php?rest_route=\/wp\/v2\/pages"}],"about":[{"href":"https:\/\/joyeuxplomberie.fr\/index.php?rest_route=\/wp\/v2\/types\/page"}],"author":[{"embeddable":true,"href":"https:\/\/joyeuxplomberie.fr\/index.php?rest_route=\/wp\/v2\/users\/1"}],"replies":[{"embeddable":true,"href":"https:\/\/joyeuxplomberie.fr\/index.php?rest_route=%2Fwp%2Fv2%2Fcomments&post=11"}],"version-history":[{"count":6,"href":"https:\/\/joyeuxplomberie.fr\/index.php?rest_route=\/wp\/v2\/pages\/11\/revisions"}],"predecessor-version":[{"id":276,"href":"https:\/\/joyeuxplomberie.fr\/index.php?rest_route=\/wp\/v2\/pages\/11\/revisions\/276"}],"wp:attachment":[{"href":"https:\/\/joyeuxplomberie.fr\/index.php?rest_route=%2Fwp%2Fv2%2Fmedia&parent=11"}],"curies":[{"name":"wp","href":"https:\/\/api.w.org\/{rel}","templated":true}]}}